{"id":6670,"date":"2017-02-28T17:05:59","date_gmt":"2017-02-28T16:05:59","guid":{"rendered":"http:\/\/www.darroze-sellier.fr\/?post_type=product&#038;p=6670"},"modified":"2018-07-18T08:42:27","modified_gmt":"2018-07-18T07:42:27","slug":"sangle-courte-cuir-2","status":"publish","type":"product","link":"https:\/\/www.darroze-sellier.fr\/es\/produit\/sangle-courte-cuir-2\/","title":{"rendered":"Sangle courte cuir"},"content":{"rendered":"<ul style=\"list-style-type: circle;\">\n<li>Pour les sanglages \u00a0bas des selles monoquartier.<\/li>\n<li>Elastique triple \u00e9paisseur des deux c\u00f4t\u00e9s.<\/li>\n<li>Boucle inox \u00e0 rouleaux.<\/li>\n<li>Longueur de 45cm \u00e0 70cm.<\/li>\n<li>Doublure taurillon.<\/li>\n<\/ul>\n<p>&nbsp;<\/p>\n<p>&nbsp;<\/p>\n<p>&nbsp;<\/p>\n<p>&nbsp;<\/p>\n<p>&nbsp;<\/p>\n<p>&nbsp;<\/p>\n<p>&nbsp;<\/p>\n<p>&nbsp;<\/p>\n<p>&nbsp;<\/p>\n<p>&nbsp;<\/p>\n","protected":false},"excerpt":{"rendered":"<ul style=\"list-style-type: circle;\">\n<li>Couleur : Noisette, Ch\u00e2taigne, Brun, Noire.<\/li>\n<\/ul>\n","protected":false},"featured_media":7247,"template":"","meta":[],"product_cat":[61],"product_tag":[],"translation":{"provider":"WPGlobus","version":"2.12.0","language":"es","enabled_languages":["fr","es"],"languages":{"fr":{"title":true,"content":true,"excerpt":true},"es":{"title":false,"content":false,"excerpt":false}}},"aioseo_notices":[],"_links":{"self":[{"href":"https:\/\/www.darroze-sellier.fr\/es\/wp-json\/wp\/v2\/product\/6670"}],"collection":[{"href":"https:\/\/www.darroze-sellier.fr\/es\/wp-json\/wp\/v2\/product"}],"about":[{"href":"https:\/\/www.darroze-sellier.fr\/es\/wp-json\/wp\/v2\/types\/product"}],"wp:featuredmedia":[{"embeddable":true,"href":"https:\/\/www.darroze-sellier.fr\/es\/wp-json\/wp\/v2\/media\/7247"}],"wp:attachment":[{"href":"https:\/\/www.darroze-sellier.fr\/es\/wp-json\/wp\/v2\/media?parent=6670"}],"wp:term":[{"taxonomy":"product_cat","embeddable":true,"href":"https:\/\/www.darroze-sellier.fr\/es\/wp-json\/wp\/v2\/product_cat?post=6670"},{"taxonomy":"product_tag","embeddable":true,"href":"https:\/\/www.darroze-sellier.fr\/es\/wp-json\/wp\/v2\/product_tag?post=6670"}],"curies":[{"name":"wp","href":"https:\/\/api.w.org\/{rel}","templated":true}]}}